{"id":718,"date":"2021-11-22T17:13:23","date_gmt":"2021-11-22T15:13:23","guid":{"rendered":"https:\/\/b2b-vrionis.elevart.gr\/?post_type=product&#038;p=718"},"modified":"2022-05-04T10:06:16","modified_gmt":"2022-05-04T08:06:16","slug":"maxilari-ergonomiko-memory-latex-se-2-typoys","status":"publish","type":"product","link":"https:\/\/vrionis-linen.gr\/en\/product\/maxilari-ergonomiko-memory-latex-se-2-typoys\/","title":{"rendered":"\u039c\u03b1\u03be\u03b9\u03bb\u03ac\u03c1\u03b9 \u03b5\u03c1\u03b3\u03bf\u03bd\u03bf\u03bc\u03b9\u03ba\u03cc latex"},"content":{"rendered":"<div>\n<div>Latex<\/div>\n<div>\u0395\u03c3\u03c9\u03c4\u03b5\u03c1\u03b9\u03ba\u03cc \u039a\u03ad\u03bb\u03c5\u03c6\u03bf\u03c2: 100% \u03b2\u03b1\u03bc\u03b2\u03ac\u03ba\u03b9<\/div>\n<div>\n<p>\u0395\u03be\u03c9\u03c4\u03b5\u03c1\u03b9\u03ba\u03cc \u039a\u03ad\u03bb\u03c5\u03c6\u03bf\u03c2: aloe vera \u03bc\u03b5 \u03c6\u03b5\u03c1\u03bc\u03bf\u03c5\u03ac\u03c1<\/p>\n<div>\u0394\u03b9\u03b1\u03c3\u03c4\u03ac\u03c3\u03b5\u03b9\u03c2:<\/div>\n<div>40 \u00d7 66\u00d711 (50\u00d770) \u039a\u03b1\u03bd\u03bf\u03bd\u03b9\u03ba\u03cc<\/div>\n<div>\n<div><\/div>\n<\/div>\n<\/div>\n<\/div>","protected":false},"excerpt":{"rendered":"<h5 class=\"current-price\"><span class=\"io-piece\">\u03c7\u03c9\u03c1\u03af\u03c2 \u03a6\u03a0\u0391<\/span><\/h5>\n<p>\u0393\u03b9\u03b1 \u03bb\u03cc\u03b3\u03bf\u03c5\u03c2 \u03c5\u03b3\u03b9\u03b5\u03b9\u03bd\u03ae\u03c2 \u03c4\u03b1 \u03bc\u03b1\u03be\u03b9\u03bb\u03ac\u03c1\u03b9\u03b1 \u03cd\u03c0\u03bd\u03bf\u03c5 \u03b4\u03b5\u03bd \u03b5\u03c0\u03b9\u03c3\u03c4\u03c1\u03ad\u03c6\u03bf\u03bd\u03c4\u03b1\u03b9.<\/p>\n<h3>\u0393\u03b9\u03b1 \u03c0\u03b1\u03c1\u03b1\u03b3\u03b3\u03b5\u03bb\u03af\u03b5\u03c2 \u03c3\u03c5\u03c3\u03ba\u03b5\u03c5\u03b1\u03c3\u03af\u03b1\u03c2 10\u03c4\u03bc\u03c7. \u03b9\u03c3\u03c7\u03cd\u03b5\u03b9 \u03ad\u03ba\u03c0\u03c4\u03c9\u03c3\u03b7 -10%<\/h3>\n<div>\n<div><\/div>\n<\/div>","protected":false},"featured_media":724,"template":"","meta":{"site-sidebar-layout":"default","site-content-layout":"","ast-site-content-layout":"default","site-content-style":"default","site-sidebar-style":"default","ast-global-header-display":"","ast-banner-title-visibility":"","ast-main-header-display":"","ast-hfb-above-header-display":"","ast-hfb-below-header-display":"","ast-hfb-mobile-header-display":"","site-post-title":"","ast-breadcrumbs-content":"","ast-featured-img":"","footer-sml-layout":"","ast-disable-related-posts":"","theme-transparent-header-meta":"","adv-header-id-meta":"","stick-header-meta":"","header-above-stick-meta":"","header-main-stick-meta":"","header-below-stick-meta":"","astra-migrate-meta-layouts":"default","ast-page-background-enabled":"default","ast-page-background-meta":{"desktop":{"background-color":"var(--ast-global-color-5)","background-image":"","background-repeat":"repeat","background-position":"center center","background-size":"auto","background-attachment":"scroll","background-type":"","background-media":"","overlay-type":"","overlay-color":"","overlay-opacity":"","overlay-gradient":""},"tablet":{"background-color":"","background-image":"","background-repeat":"repeat","background-position":"center center","background-size":"auto","background-attachment":"scroll","background-type":"","background-media":"","overlay-type":"","overlay-color":"","overlay-opacity":"","overlay-gradient":""},"mobile":{"background-color":"","background-image":"","background-repeat":"repeat","background-position":"center center","background-size":"auto","background-attachment":"scroll","background-type":"","background-media":"","overlay-type":"","overlay-color":"","overlay-opacity":"","overlay-gradient":""}},"ast-content-background-meta":{"desktop":{"background-color":"var(--ast-global-color-4)","background-image":"","background-repeat":"repeat","background-position":"center center","background-size":"auto","background-attachment":"scroll","background-type":"","background-media":"","overlay-type":"","overlay-color":"","overlay-opacity":"","overlay-gradient":""},"tablet":{"background-color":"var(--ast-global-color-4)","background-image":"","background-repeat":"repeat","background-position":"center center","background-size":"auto","background-attachment":"scroll","background-type":"","background-media":"","overlay-type":"","overlay-color":"","overlay-opacity":"","overlay-gradient":""},"mobile":{"background-color":"var(--ast-global-color-4)","background-image":"","background-repeat":"repeat","background-position":"center center","background-size":"auto","background-attachment":"scroll","background-type":"","background-media":"","overlay-type":"","overlay-color":"","overlay-opacity":"","overlay-gradient":""}}},"product_brand":[],"product_cat":[44,84,96],"product_tag":[],"class_list":{"0":"post-718","1":"product","2":"type-product","3":"status-publish","4":"has-post-thumbnail","6":"product_cat-clothing","7":"product_cat-pillows","8":"product_cat-latex-pillows","9":"desktop-align-center","10":"tablet-align-left","11":"mobile-align-left","13":"first","14":"instock","15":"taxable","16":"shipping-taxable","17":"product-type-variable"},"_links":{"self":[{"href":"https:\/\/vrionis-linen.gr\/en\/wp-json\/wp\/v2\/product\/718","targetHints":{"allow":["GET"]}}],"collection":[{"href":"https:\/\/vrionis-linen.gr\/en\/wp-json\/wp\/v2\/product"}],"about":[{"href":"https:\/\/vrionis-linen.gr\/en\/wp-json\/wp\/v2\/types\/product"}],"wp:featuredmedia":[{"embeddable":true,"href":"https:\/\/vrionis-linen.gr\/en\/wp-json\/wp\/v2\/media\/724"}],"wp:attachment":[{"href":"https:\/\/vrionis-linen.gr\/en\/wp-json\/wp\/v2\/media?parent=718"}],"wp:term":[{"taxonomy":"product_brand","embeddable":true,"href":"https:\/\/vrionis-linen.gr\/en\/wp-json\/wp\/v2\/product_brand?post=718"},{"taxonomy":"product_cat","embeddable":true,"href":"https:\/\/vrionis-linen.gr\/en\/wp-json\/wp\/v2\/product_cat?post=718"},{"taxonomy":"product_tag","embeddable":true,"href":"https:\/\/vrionis-linen.gr\/en\/wp-json\/wp\/v2\/product_tag?post=718"}],"curies":[{"name":"wp","href":"https:\/\/api.w.org\/{rel}","templated":true}]}}